{"id":501,"date":"2021-10-24T20:21:06","date_gmt":"2021-10-24T18:21:06","guid":{"rendered":"https:\/\/luciaprietosantamaria.es\/?page_id=501"},"modified":"2024-09-29T17:30:32","modified_gmt":"2024-09-29T15:30:32","slug":"inicio","status":"publish","type":"page","link":"https:\/\/luciaprietosantamaria.es\/","title":{"rendered":"Inicio"},"content":{"rendered":"<style>.kb-row-layout-id501_47a8d2-a9 > .kt-row-column-wrap{align-content:start;}:where(.kb-row-layout-id501_47a8d2-a9 > .kt-row-column-wrap) > .wp-block-kadence-column{justify-content:start;}.kb-row-layout-id501_47a8d2-a9 > .kt-row-column-wrap{column-gap:var(--global-kb-gap-md, 2rem);row-gap:var(--global-kb-gap-md, 2rem);padding-top:0px;padding-right:0px;padding-bottom:0px;padding-left:0px;grid-template-columns:minmax(0, 1fr);}.kb-row-layout-id501_47a8d2-a9 > .kt-row-layout-overlay{opacity:1;background:linear-gradient(90deg, var(--global-palette1) 12%, var(--global-palette2) 100%);}.kb-row-layout-id501_47a8d2-a9 .kt-row-layout-bottom-sep{height:120px;}.kb-row-layout-id501_47a8d2-a9 .kt-row-layout-bottom-sep svg{width:100%;}.kb-row-layout-id501_47a8d2-a9 .kt-row-layout-bottom-sep svg{fill:var(--global-palette9, #ffffff)!important;}@media all and (max-width: 1024px){.kb-row-layout-id501_47a8d2-a9 > .kt-row-column-wrap{grid-template-columns:minmax(0, 1fr);}}@media all and (max-width: 1024px){.kb-row-layout-id501_47a8d2-a9 .kt-row-layout-bottom-sep{height:px;}}@media all and (max-width: 1024px){.kb-row-layout-id501_47a8d2-a9 .kt-row-layout-bottom-sep svg{width:%;}}@media all and (max-width: 767px){.kb-row-layout-id501_47a8d2-a9 > .kt-row-column-wrap{grid-template-columns:minmax(0, 1fr);}.kb-row-layout-id501_47a8d2-a9 .kt-row-layout-bottom-sep{height:px;}.kb-row-layout-id501_47a8d2-a9 .kt-row-layout-bottom-sep svg{width:%;}}<\/style><div class=\"kb-row-layout-wrap kb-row-layout-id501_47a8d2-a9 alignnone kt-row-has-bg wp-block-kadence-rowlayout\"><div class=\"kt-row-layout-overlay kt-row-overlay-gradient\"><\/div><div class=\"kt-row-column-wrap kt-has-1-columns kt-row-layout-equal kt-tab-layout-inherit kt-mobile-layout-row kt-row-valign-top\">\n<style>.kadence-column501_e57f14-d8 > .kt-inside-inner-col,.kadence-column501_e57f14-d8 > .kt-inside-inner-col:before{border-top-left-radius:0px;border-top-right-radius:0px;border-bottom-right-radius:0px;border-bottom-left-radius:0px;}.kadence-column501_e57f14-d8 > .kt-inside-inner-col{column-gap:var(--global-kb-gap-sm, 1rem);}.kadence-column501_e57f14-d8 > .kt-inside-inner-col{flex-direction:column;}.kadence-column501_e57f14-d8 > .kt-inside-inner-col > .aligncenter{width:100%;}.kadence-column501_e57f14-d8 > .kt-inside-inner-col:before{opacity:0.3;}.kadence-column501_e57f14-d8{position:relative;}@media all and (max-width: 1024px){.kadence-column501_e57f14-d8 > .kt-inside-inner-col{flex-direction:column;justify-content:center;}}@media all and (max-width: 767px){.kadence-column501_e57f14-d8 > .kt-inside-inner-col{flex-direction:column;justify-content:center;}}<\/style>\n<div class=\"wp-block-kadence-column kadence-column501_e57f14-d8 inner-column-1\"><div class=\"kt-inside-inner-col\"><style>.kb-row-layout-id501_a0cc14-de > .kt-row-column-wrap{align-content:center;}:where(.kb-row-layout-id501_a0cc14-de > .kt-row-column-wrap) > .wp-block-kadence-column{justify-content:center;}.kb-row-layout-id501_a0cc14-de > .kt-row-column-wrap{column-gap:var(--global-kb-gap-md, 2rem);row-gap:var(--global-kb-gap-md, 2rem);max-width:var( --global-content-width, 1290px );padding-left:var(--global-content-edge-padding);padding-right:var(--global-content-edge-padding);padding-top:120px;padding-right:25px;padding-bottom:200px;padding-left:25px;grid-template-columns:repeat(2, minmax(0, 1fr));}.kb-row-layout-id501_a0cc14-de > .kt-row-layout-overlay{opacity:0.93;background-color:rgba(24, 88, 101, 0.88);background-image:url('https:\/\/luciaprietosantamaria.es\/wp-content\/uploads\/2020\/08\/sass_bg-min.png');background-size:cover;background-position:64% 42%;background-attachment:scroll;background-repeat:no-repeat;mix-blend-mode:normal;}.kb-row-layout-id501_a0cc14-de .kt-row-layout-bottom-sep{height:120px;}.kb-row-layout-id501_a0cc14-de .kt-row-layout-bottom-sep svg{width:100%;}.kb-row-layout-id501_a0cc14-de .kt-row-layout-bottom-sep svg{fill:var(--global-palette9, #ffffff)!important;}@media all and (max-width: 1024px){.kb-row-layout-id501_a0cc14-de > .kt-row-column-wrap{grid-template-columns:repeat(2, minmax(0, 1fr));}}@media all and (max-width: 1024px){.kb-row-layout-id501_a0cc14-de .kt-row-layout-bottom-sep{height:px;}}@media all and (max-width: 1024px){.kb-row-layout-id501_a0cc14-de .kt-row-layout-bottom-sep svg{width:%;}}@media all and (max-width: 767px){.kb-row-layout-id501_a0cc14-de > .kt-row-column-wrap{grid-template-columns:minmax(0, 1fr);}.kb-row-layout-id501_a0cc14-de .kt-row-layout-bottom-sep{height:px;}.kb-row-layout-id501_a0cc14-de .kt-row-layout-bottom-sep svg{width:%;}}<\/style><div class=\"kb-row-layout-wrap kb-row-layout-id501_a0cc14-de alignnone kt-row-has-bg wp-block-kadence-rowlayout\"><div class=\"kb-blocks-bg-video-container\"><video class=\"kb-blocks-bg-video\" id=\"bg-row-video-501_a0cc14-de\" playsinline muted loop src=\"https:\/\/luciaprietosantamaria.es\/wp-content\/uploads\/2021\/10\/video.mp4\" autoplay><\/video><\/div><div class=\"kt-row-layout-overlay kt-row-overlay-normal\"><\/div><div class=\"kt-row-layout-bottom-sep kt-row-sep-type-mtns\"><svg viewBox=\"0 0 1000 100\" preserveAspectRatio=\"none\"><path d=\"M1000,50l-182.69,-45.286l-292.031,61.197l-190.875,-41.075l-143.748,28.794l-190.656,-23.63l0,70l1000,0l0,-50Z\" style=\"opacity: 0.4\" \/><path d=\"M1000,57l-152.781,-22.589l-214.383,19.81l-159.318,-21.471l-177.44,25.875l-192.722,5.627l-103.356,-27.275l0,63.023l1000,0l0,-43Z\" \/><\/svg><\/div><div class=\"kt-row-column-wrap kt-has-2-columns kt-row-layout-equal kt-tab-layout-inherit kt-mobile-layout-row kt-row-valign-middle kb-theme-content-width\">\n<style>.kadence-column501_127ab6-0f > .kt-inside-inner-col,.kadence-column501_127ab6-0f > .kt-inside-inner-col:before{border-top-left-radius:0px;border-top-right-radius:0px;border-bottom-right-radius:0px;border-bottom-left-radius:0px;}.kadence-column501_127ab6-0f > .kt-inside-inner-col{column-gap:var(--global-kb-gap-sm, 1rem);}.kadence-column501_127ab6-0f > .kt-inside-inner-col{flex-direction:column;}.kadence-column501_127ab6-0f > .kt-inside-inner-col > .aligncenter{width:100%;}.kadence-column501_127ab6-0f > .kt-inside-inner-col:before{opacity:0.3;}.kadence-column501_127ab6-0f{position:relative;}@media all and (max-width: 1024px){.kadence-column501_127ab6-0f > .kt-inside-inner-col{flex-direction:column;justify-content:center;}}@media all and (max-width: 767px){.kadence-column501_127ab6-0f > .kt-inside-inner-col{flex-direction:column;justify-content:center;}}<\/style>\n<div class=\"wp-block-kadence-column kadence-column501_127ab6-0f inner-column-1\"><div class=\"kt-inside-inner-col\"><style>.wp-block-kadence-advancedheading.kt-adv-heading501_aeb1bd-a9, .wp-block-kadence-advancedheading.kt-adv-heading501_aeb1bd-a9[data-kb-block=\"kb-adv-heading501_aeb1bd-a9\"]{margin-bottom:5px;font-size:48px;line-height:55px;font-weight:normal;font-style:normal;color:#ffffff;text-shadow:1px 1px 1px rgba(0, 0, 0, 0.2);}.wp-block-kadence-advancedheading.kt-adv-heading501_aeb1bd-a9 mark.kt-highlight, .wp-block-kadence-advancedheading.kt-adv-heading501_aeb1bd-a9[data-kb-block=\"kb-adv-heading501_aeb1bd-a9\"] mark.kt-highlight{font-weight:normal;font-style:normal;color:#f76a0c;-webkit-box-decoration-break:clone;box-decoration-break:clone;padding-top:0px;padding-right:0px;padding-bottom:0px;padding-left:0px;}.wp-block-kadence-advancedheading.kt-adv-heading501_aeb1bd-a9 img.kb-inline-image, .wp-block-kadence-advancedheading.kt-adv-heading501_aeb1bd-a9[data-kb-block=\"kb-adv-heading501_aeb1bd-a9\"] img.kb-inline-image{width:150px;vertical-align:baseline;}@media all and (max-width: 1024px){.wp-block-kadence-advancedheading.kt-adv-heading501_aeb1bd-a9, .wp-block-kadence-advancedheading.kt-adv-heading501_aeb1bd-a9[data-kb-block=\"kb-adv-heading501_aeb1bd-a9\"]{text-shadow:1px 1px 1px rgba(0, 0, 0, 0.2);}}@media all and (max-width: 767px){.wp-block-kadence-advancedheading.kt-adv-heading501_aeb1bd-a9, .wp-block-kadence-advancedheading.kt-adv-heading501_aeb1bd-a9[data-kb-block=\"kb-adv-heading501_aeb1bd-a9\"]{text-shadow:1px 1px 1px rgba(0, 0, 0, 0.2);font-size:40px;}}<\/style>\n<h1 class=\"kt-adv-heading501_aeb1bd-a9 wp-block-kadence-advancedheading\" data-kb-block=\"kb-adv-heading501_aeb1bd-a9\">Luc\u00eda Prieto Santamar\u00eda<\/h1>\n\n\n<style>.wp-block-kadence-advancedheading.kt-adv-heading501_e6ad2e-eb, .wp-block-kadence-advancedheading.kt-adv-heading501_e6ad2e-eb[data-kb-block=\"kb-adv-heading501_e6ad2e-eb\"]{margin-top:1em;margin-bottom:1.5em;font-size:20px;font-weight:normal;font-style:normal;color:#f7fafc;text-shadow:1px 1px 1px rgba(0, 0, 0, 0.2);}.wp-block-kadence-advancedheading.kt-adv-heading501_e6ad2e-eb mark.kt-highlight, .wp-block-kadence-advancedheading.kt-adv-heading501_e6ad2e-eb[data-kb-block=\"kb-adv-heading501_e6ad2e-eb\"] mark.kt-highlight{font-weight:normal;font-style:normal;color:#f76a0c;-webkit-box-decoration-break:clone;box-decoration-break:clone;padding-top:0px;padding-right:0px;padding-bottom:0px;padding-left:0px;}.wp-block-kadence-advancedheading.kt-adv-heading501_e6ad2e-eb img.kb-inline-image, .wp-block-kadence-advancedheading.kt-adv-heading501_e6ad2e-eb[data-kb-block=\"kb-adv-heading501_e6ad2e-eb\"] img.kb-inline-image{width:150px;vertical-align:baseline;}@media all and (max-width: 1024px){.wp-block-kadence-advancedheading.kt-adv-heading501_e6ad2e-eb, .wp-block-kadence-advancedheading.kt-adv-heading501_e6ad2e-eb[data-kb-block=\"kb-adv-heading501_e6ad2e-eb\"]{text-shadow:1px 1px 1px rgba(0, 0, 0, 0.2);}}@media all and (max-width: 767px){.wp-block-kadence-advancedheading.kt-adv-heading501_e6ad2e-eb, .wp-block-kadence-advancedheading.kt-adv-heading501_e6ad2e-eb[data-kb-block=\"kb-adv-heading501_e6ad2e-eb\"]{text-shadow:1px 1px 1px rgba(0, 0, 0, 0.2);}}<\/style>\n<p class=\"kt-adv-heading501_e6ad2e-eb wp-block-kadence-advancedheading\" data-kb-block=\"kb-adv-heading501_e6ad2e-eb\">Hey there! I&#8217;m Luc\u00eda. <\/p>\n\n\n<style>.wp-block-kadence-advancedheading.kt-adv-heading501_c18878-c8, .wp-block-kadence-advancedheading.kt-adv-heading501_c18878-c8[data-kb-block=\"kb-adv-heading501_c18878-c8\"]{margin-top:1em;margin-bottom:1.5em;font-size:20px;font-weight:normal;font-style:normal;color:#f7fafc;text-shadow:1px 1px 1px rgba(0, 0, 0, 0.2);}.wp-block-kadence-advancedheading.kt-adv-heading501_c18878-c8 mark.kt-highlight, .wp-block-kadence-advancedheading.kt-adv-heading501_c18878-c8[data-kb-block=\"kb-adv-heading501_c18878-c8\"] mark.kt-highlight{font-weight:normal;font-style:normal;color:#f76a0c;-webkit-box-decoration-break:clone;box-decoration-break:clone;padding-top:0px;padding-right:0px;padding-bottom:0px;padding-left:0px;}.wp-block-kadence-advancedheading.kt-adv-heading501_c18878-c8 img.kb-inline-image, .wp-block-kadence-advancedheading.kt-adv-heading501_c18878-c8[data-kb-block=\"kb-adv-heading501_c18878-c8\"] img.kb-inline-image{width:150px;vertical-align:baseline;}@media all and (max-width: 1024px){.wp-block-kadence-advancedheading.kt-adv-heading501_c18878-c8, .wp-block-kadence-advancedheading.kt-adv-heading501_c18878-c8[data-kb-block=\"kb-adv-heading501_c18878-c8\"]{text-shadow:1px 1px 1px rgba(0, 0, 0, 0.2);}}@media all and (max-width: 767px){.wp-block-kadence-advancedheading.kt-adv-heading501_c18878-c8, .wp-block-kadence-advancedheading.kt-adv-heading501_c18878-c8[data-kb-block=\"kb-adv-heading501_c18878-c8\"]{text-shadow:1px 1px 1px rgba(0, 0, 0, 0.2);}}<\/style>\n<p class=\"kt-adv-heading501_c18878-c8 wp-block-kadence-advancedheading\" data-kb-block=\"kb-adv-heading501_c18878-c8\">I\u2019m an Assistant Professor (Profesora Ayudante Doctor) at Universidad Polit\u00e9cnica\u00a0de\u00a0Madrid (<a href=\"https:\/\/www.upm.es\/\" data-type=\"URL\" data-id=\"https:\/\/www.upm.es\/\" target=\"_blank\" rel=\"noreferrer noopener\">UPM<\/a>), Spain. I&#8217;m also a researcher in the Medical Data Analytics Laboratory (<a href=\"https:\/\/medal.ctb.upm.es\/\" data-type=\"URL\" data-id=\"https:\/\/medal.ctb.upm.es\/\" target=\"_blank\" rel=\"noreferrer noopener\">MEDAL<\/a>) located at the Center for Biomedical Technology (<a href=\"http:\/\/www.ctb.upm.es\/\" data-type=\"URL\" data-id=\"http:\/\/www.ctb.upm.es\/\" target=\"_blank\" rel=\"noreferrer noopener\">CTB<\/a>) of the UPM. With a PhD in the area of Computer Science, a MSc in Computational Biology and a BSc in Biotechnology, I study the new horizons of drug repurposing and network medicine by means of large-scale data analysis. My research interests focus on the intersection of the biomedical and computer sciences, including fields as computational biology and biomedical informatics, with a key role of Artificial Intelligence\u00a0technologies.<\/p>\n\n\n<style>.wp-block-kadence-advancedheading.kt-adv-heading501_06e8bd-42, .wp-block-kadence-advancedheading.kt-adv-heading501_06e8bd-42[data-kb-block=\"kb-adv-heading501_06e8bd-42\"]{margin-top:1em;margin-bottom:1.5em;font-size:20px;font-weight:normal;font-style:normal;color:#f7fafc;text-shadow:1px 1px 1px rgba(0, 0, 0, 0.2);}.wp-block-kadence-advancedheading.kt-adv-heading501_06e8bd-42 mark.kt-highlight, .wp-block-kadence-advancedheading.kt-adv-heading501_06e8bd-42[data-kb-block=\"kb-adv-heading501_06e8bd-42\"] mark.kt-highlight{font-weight:normal;font-style:normal;color:#f76a0c;-webkit-box-decoration-break:clone;box-decoration-break:clone;padding-top:0px;padding-right:0px;padding-bottom:0px;padding-left:0px;}.wp-block-kadence-advancedheading.kt-adv-heading501_06e8bd-42 img.kb-inline-image, .wp-block-kadence-advancedheading.kt-adv-heading501_06e8bd-42[data-kb-block=\"kb-adv-heading501_06e8bd-42\"] img.kb-inline-image{width:150px;vertical-align:baseline;}@media all and (max-width: 1024px){.wp-block-kadence-advancedheading.kt-adv-heading501_06e8bd-42, .wp-block-kadence-advancedheading.kt-adv-heading501_06e8bd-42[data-kb-block=\"kb-adv-heading501_06e8bd-42\"]{text-shadow:1px 1px 1px rgba(0, 0, 0, 0.2);}}@media all and (max-width: 767px){.wp-block-kadence-advancedheading.kt-adv-heading501_06e8bd-42, .wp-block-kadence-advancedheading.kt-adv-heading501_06e8bd-42[data-kb-block=\"kb-adv-heading501_06e8bd-42\"]{text-shadow:1px 1px 1px rgba(0, 0, 0, 0.2);}}<\/style>\n<p class=\"kt-adv-heading501_06e8bd-42 wp-block-kadence-advancedheading\" data-kb-block=\"kb-adv-heading501_06e8bd-42\">If you&#8217;d like to get in touch, feel free to <a href=\"mailto:lucia.prieto.santamaria@upm.es\">contact<\/a>! <\/p>\n<\/div><\/div>\n\n\n<style>.kadence-column501_9d3896-10 > .kt-inside-inner-col,.kadence-column501_9d3896-10 > .kt-inside-inner-col:before{border-top-left-radius:0px;border-top-right-radius:0px;border-bottom-right-radius:0px;border-bottom-left-radius:0px;}.kadence-column501_9d3896-10 > .kt-inside-inner-col{column-gap:var(--global-kb-gap-sm, 1rem);}.kadence-column501_9d3896-10 > .kt-inside-inner-col{flex-direction:column;}.kadence-column501_9d3896-10 > .kt-inside-inner-col > .aligncenter{width:100%;}.kadence-column501_9d3896-10 > .kt-inside-inner-col:before{opacity:0.3;}.kadence-column501_9d3896-10{position:relative;}@media all and (max-width: 1024px){.kadence-column501_9d3896-10 > .kt-inside-inner-col{flex-direction:column;justify-content:center;}}@media all and (max-width: 767px){.kadence-column501_9d3896-10 > .kt-inside-inner-col{flex-direction:column;justify-content:center;}}<\/style>\n<div class=\"wp-block-kadence-column kadence-column501_9d3896-10 inner-column-2\"><div class=\"kt-inside-inner-col\"><div class=\"wp-block-image is-resized is-style-rounded\">\n<figure class=\"alignleft size-full\"><img loading=\"lazy\" decoding=\"async\" width=\"667\" height=\"1000\" src=\"https:\/\/luciaprietosantamaria.es\/wp-content\/uploads\/2024\/06\/LPS3.jpg\" alt=\"\" class=\"wp-image-1071\" style=\"width:535px;height:auto\" srcset=\"https:\/\/luciaprietosantamaria.es\/wp-content\/uploads\/2024\/06\/LPS3.jpg 667w, https:\/\/luciaprietosantamaria.es\/wp-content\/uploads\/2024\/06\/LPS3-200x300.jpg 200w\" sizes=\"auto, (max-width: 667px) 100vw, 667px\" \/><\/figure>\n<\/div><\/div><\/div>\n\n<\/div><\/div><\/div><\/div>\n\n<\/div><\/div>","protected":false},"excerpt":{"rendered":"<p>Luc\u00eda Prieto Santamar\u00eda Hey there! I&#8217;m Luc\u00eda. I\u2019m an Assistant Professor (Profesora Ayudante Doctor) at Universidad Polit\u00e9cnica\u00a0de\u00a0Madrid (UPM), Spain. I&#8217;m also a researcher in the Medical Data Analytics Laboratory (MEDAL) located at the Center for Biomedical Technology (CTB) of the UPM. With a PhD in the area of Computer Science, a MSc in Computational Biology&#8230;<\/p>\n","protected":false},"author":1,"featured_media":0,"parent":0,"menu_order":0,"comment_status":"closed","ping_status":"closed","template":"","meta":{"_kadence_starter_templates_imported_post":true,"_kad_post_transparent":"enable","_kad_post_title":"hide","_kad_post_layout":"","_kad_post_sidebar_id":"","_kad_post_content_style":"","_kad_post_vertical_padding":"","_kad_post_feature":"","_kad_post_feature_position":"","_kad_post_header":false,"_kad_post_footer":false,"_kad_post_classname":"","footnotes":""},"class_list":["post-501","page","type-page","status-publish","hentry"],"_links":{"self":[{"href":"https:\/\/luciaprietosantamaria.es\/index.php\/wp-json\/wp\/v2\/pages\/501","targetHints":{"allow":["GET"]}}],"collection":[{"href":"https:\/\/luciaprietosantamaria.es\/index.php\/wp-json\/wp\/v2\/pages"}],"about":[{"href":"https:\/\/luciaprietosantamaria.es\/index.php\/wp-json\/wp\/v2\/types\/page"}],"author":[{"embeddable":true,"href":"https:\/\/luciaprietosantamaria.es\/index.php\/wp-json\/wp\/v2\/users\/1"}],"replies":[{"embeddable":true,"href":"https:\/\/luciaprietosantamaria.es\/index.php\/wp-json\/wp\/v2\/comments?post=501"}],"version-history":[{"count":50,"href":"https:\/\/luciaprietosantamaria.es\/index.php\/wp-json\/wp\/v2\/pages\/501\/revisions"}],"predecessor-version":[{"id":1082,"href":"https:\/\/luciaprietosantamaria.es\/index.php\/wp-json\/wp\/v2\/pages\/501\/revisions\/1082"}],"wp:attachment":[{"href":"https:\/\/luciaprietosantamaria.es\/index.php\/wp-json\/wp\/v2\/media?parent=501"}],"curies":[{"name":"wp","href":"https:\/\/api.w.org\/{rel}","templated":true}]}}